{"id":55,"date":"2024-04-26T12:56:34","date_gmt":"2024-04-26T12:56:34","guid":{"rendered":"https:\/\/rg-haus-immobilien.de\/?page_id=55"},"modified":"2024-05-16T12:38:27","modified_gmt":"2024-05-16T11:38:27","slug":"ueber-mich","status":"publish","type":"page","link":"https:\/\/rg-haus-immobilien.de\/?page_id=55","title":{"rendered":"\u00dcber mich"},"content":{"rendered":"\t\t<div data-elementor-type=\"wp-page\" data-elementor-id=\"55\" class=\"elementor elementor-55\">\n\t\t\t\t<div class=\"elementor-element elementor-element-9dcacfb e-con-full elementor-hidden-mobile e-flex e-con e-parent\" data-id=\"9dcacfb\" data-element_type=\"container\" data-e-type=\"container\">\n\t\t\t\t<div class=\"elementor-element elementor-element-9fd58f8 elementor-widget elementor-widget-image\" data-id=\"9fd58f8\" data-element_type=\"widget\" data-e-type=\"widget\" data-widget_type=\"image.default\">\n\t\t\t\t<div class=\"elementor-widget-container\">\n\t\t\t\t\t\t\t\t\t\t\t\t\t\t\t<img fetchpriority=\"high\" decoding=\"async\" width=\"1900\" height=\"339\" src=\"https:\/\/rg-haus-immobilien.de\/wp-content\/uploads\/2024\/05\/Ueber-mich-Smal-Bildhintergrund-RG-Immobilien.jpg\" class=\"attachment-full size-full wp-image-636\" alt=\"\" srcset=\"https:\/\/rg-haus-immobilien.de\/wp-content\/uploads\/2024\/05\/Ueber-mich-Smal-Bildhintergrund-RG-Immobilien.jpg 1900w, https:\/\/rg-haus-immobilien.de\/wp-content\/uploads\/2024\/05\/Ueber-mich-Smal-Bildhintergrund-RG-Immobilien-300x54.jpg 300w, https:\/\/rg-haus-immobilien.de\/wp-content\/uploads\/2024\/05\/Ueber-mich-Smal-Bildhintergrund-RG-Immobilien-1024x183.jpg 1024w, https:\/\/rg-haus-immobilien.de\/wp-content\/uploads\/2024\/05\/Ueber-mich-Smal-Bildhintergrund-RG-Immobilien-768x137.jpg 768w, https:\/\/rg-haus-immobilien.de\/wp-content\/uploads\/2024\/05\/Ueber-mich-Smal-Bildhintergrund-RG-Immobilien-1536x274.jpg 1536w\" sizes=\"(max-width: 1900px) 100vw, 1900px\" \/>\t\t\t\t\t\t\t\t\t\t\t\t\t\t\t<\/div>\n\t\t\t\t<\/div>\n\t\t\t\t<div class=\"elementor-element elementor-element-71afac3 elementor-widget elementor-widget-spacer\" data-id=\"71afac3\" data-element_type=\"widget\" data-e-type=\"widget\" data-widget_type=\"spacer.default\">\n\t\t\t\t<div class=\"elementor-widget-container\">\n\t\t\t\t\t\t\t<div class=\"elementor-spacer\">\n\t\t\t<div class=\"elementor-spacer-inner\"><\/div>\n\t\t<\/div>\n\t\t\t\t\t\t<\/div>\n\t\t\t\t<\/div>\n\t\t\t\t<\/div>\n\t\t<div class=\"elementor-element elementor-element-4a5ac5a e-con-full elementor-hidden-desktop elementor-hidden-tablet e-flex e-con e-parent\" data-id=\"4a5ac5a\" data-element_type=\"container\" data-e-type=\"container\">\n\t\t\t\t<div class=\"elementor-element elementor-element-f0fa497 elementor-widget elementor-widget-image\" data-id=\"f0fa497\" data-element_type=\"widget\" data-e-type=\"widget\" data-widget_type=\"image.default\">\n\t\t\t\t<div class=\"elementor-widget-container\">\n\t\t\t\t\t\t\t\t\t\t\t\t\t\t\t<img decoding=\"async\" width=\"1900\" height=\"339\" src=\"https:\/\/rg-haus-immobilien.de\/wp-content\/uploads\/2024\/05\/Smal-Bildhintergrund-RG-Immobilien.jpg\" class=\"attachment-full size-full wp-image-888\" alt=\"\" srcset=\"https:\/\/rg-haus-immobilien.de\/wp-content\/uploads\/2024\/05\/Smal-Bildhintergrund-RG-Immobilien.jpg 1900w, https:\/\/rg-haus-immobilien.de\/wp-content\/uploads\/2024\/05\/Smal-Bildhintergrund-RG-Immobilien-300x54.jpg 300w, https:\/\/rg-haus-immobilien.de\/wp-content\/uploads\/2024\/05\/Smal-Bildhintergrund-RG-Immobilien-1024x183.jpg 1024w, https:\/\/rg-haus-immobilien.de\/wp-content\/uploads\/2024\/05\/Smal-Bildhintergrund-RG-Immobilien-768x137.jpg 768w, https:\/\/rg-haus-immobilien.de\/wp-content\/uploads\/2024\/05\/Smal-Bildhintergrund-RG-Immobilien-1536x274.jpg 1536w\" sizes=\"(max-width: 1900px) 100vw, 1900px\" \/>\t\t\t\t\t\t\t\t\t\t\t\t\t\t\t<\/div>\n\t\t\t\t<\/div>\n\t\t\t\t<div class=\"elementor-element elementor-element-501db15 elementor-hidden-desktop elementor-hidden-tablet elementor-widget elementor-widget-heading\" data-id=\"501db15\" data-element_type=\"widget\" data-e-type=\"widget\" data-widget_type=\"heading.default\">\n\t\t\t\t<div class=\"elementor-widget-container\">\n\t\t\t\t\t<h5 class=\"elementor-heading-title elementor-size-default\">\u00dcBER MICH<\/h5>\t\t\t\t<\/div>\n\t\t\t\t<\/div>\n\t\t\t\t<div class=\"elementor-element elementor-element-9dc48b5 elementor-widget elementor-widget-spacer\" data-id=\"9dc48b5\" data-element_type=\"widget\" data-e-type=\"widget\" data-widget_type=\"spacer.default\">\n\t\t\t\t<div class=\"elementor-widget-container\">\n\t\t\t\t\t\t\t<div class=\"elementor-spacer\">\n\t\t\t<div class=\"elementor-spacer-inner\"><\/div>\n\t\t<\/div>\n\t\t\t\t\t\t<\/div>\n\t\t\t\t<\/div>\n\t\t\t\t<\/div>\n\t\t<div class=\"elementor-element elementor-element-cd8ba11 e-flex e-con-boxed e-con e-parent\" data-id=\"cd8ba11\" data-element_type=\"container\" data-e-type=\"container\">\n\t\t\t\t\t<div class=\"e-con-inner\">\n\t\t<div class=\"elementor-element elementor-element-39366fb e-con-full e-flex e-con e-child\" data-id=\"39366fb\" data-element_type=\"container\" data-e-type=\"container\">\n\t\t\t\t<div class=\"elementor-element elementor-element-4048ab4 elementor-widget elementor-widget-image\" data-id=\"4048ab4\" data-element_type=\"widget\" data-e-type=\"widget\" data-widget_type=\"image.default\">\n\t\t\t\t<div class=\"elementor-widget-container\">\n\t\t\t\t\t\t\t\t\t\t\t\t\t\t\t<img decoding=\"async\" width=\"300\" height=\"200\" src=\"https:\/\/rg-haus-immobilien.de\/wp-content\/uploads\/2024\/04\/Homepage-Ramona-Gaul_1600px-300x200-1.jpg\" class=\"attachment-full size-full wp-image-57\" alt=\"Ramona Gaul\" \/>\t\t\t\t\t\t\t\t\t\t\t\t\t\t\t<\/div>\n\t\t\t\t<\/div>\n\t\t\t\t<div class=\"elementor-element elementor-element-108e816 elementor-widget elementor-widget-spacer\" data-id=\"108e816\" data-element_type=\"widget\" data-e-type=\"widget\" data-widget_type=\"spacer.default\">\n\t\t\t\t<div class=\"elementor-widget-container\">\n\t\t\t\t\t\t\t<div class=\"elementor-spacer\">\n\t\t\t<div class=\"elementor-spacer-inner\"><\/div>\n\t\t<\/div>\n\t\t\t\t\t\t<\/div>\n\t\t\t\t<\/div>\n\t\t\t\t<\/div>\n\t\t<div class=\"elementor-element elementor-element-f2b815a e-con-full e-flex e-con e-child\" data-id=\"f2b815a\" data-element_type=\"container\" data-e-type=\"container\">\n\t\t\t\t<div class=\"elementor-element elementor-element-0e6edf6 elementor-widget elementor-widget-text-editor\" data-id=\"0e6edf6\" data-element_type=\"widget\" data-e-type=\"widget\" data-widget_type=\"text-editor.default\">\n\t\t\t\t<div class=\"elementor-widget-container\">\n\t\t\t\t\t\t\t\t\t<p>Mein Name ist Ramona Gaul, ich bin eine engagierte Unternehmerin und biete Ihnen die Vorteile eines modernen und zukunftsorientierten Dienstleisters.<\/p><p>In mir finden Sie eine kompetente, zuverl\u00e4ssige, gewissenhafte und vertrauensw\u00fcrdige Hausverwalterin\/ Immobilienmaklerin.<\/p><p>Wichtig ist mir der pers\u00f6nliche Kontakt zu Ihnen, um auch den optimalen Service rund um Ihre Immobilie bieten zu k\u00f6nnen.<\/p><p>F\u00fcr mich steht die Qualit\u00e4t und nicht die Quantit\u00e4t im Vordergrund. Bei mir finden Sie keine Massenabfertigung, sondern nur individuell betreute Immobilien.<\/p>\t\t\t\t\t\t\t\t<\/div>\n\t\t\t\t<\/div>\n\t\t\t\t<\/div>\n\t\t\t\t\t<\/div>\n\t\t\t\t<\/div>\n\t\t<div class=\"elementor-element elementor-element-46f3c11 e-con-full e-flex e-con e-parent\" data-id=\"46f3c11\" data-element_type=\"container\" data-e-type=\"container\">\n\t\t\t\t<div class=\"elementor-element elementor-element-ae96576 elementor-widget elementor-widget-spacer\" data-id=\"ae96576\" data-element_type=\"widget\" data-e-type=\"widget\" data-widget_type=\"spacer.default\">\n\t\t\t\t<div class=\"elementor-widget-container\">\n\t\t\t\t\t\t\t<div class=\"elementor-spacer\">\n\t\t\t<div class=\"elementor-spacer-inner\"><\/div>\n\t\t<\/div>\n\t\t\t\t\t\t<\/div>\n\t\t\t\t<\/div>\n\t\t\t\t<\/div>\n\t\t<div class=\"elementor-element elementor-element-4e7b05a elementor-hidden-mobile e-flex e-con-boxed e-con e-parent\" data-id=\"4e7b05a\" data-element_type=\"container\" data-e-type=\"container\">\n\t\t\t\t\t<div class=\"e-con-inner\">\n\t\t\t\t<div class=\"elementor-element elementor-element-c5f98d5 elementor-invisible elementor-widget elementor-widget-image\" data-id=\"c5f98d5\" data-element_type=\"widget\" data-e-type=\"widget\" data-settings=\"{&quot;_animation&quot;:&quot;fadeInUp&quot;}\" data-widget_type=\"image.default\">\n\t\t\t\t<div class=\"elementor-widget-container\">\n\t\t\t\t\t\t\t\t\t\t\t\t\t\t\t<img loading=\"lazy\" decoding=\"async\" width=\"208\" height=\"300\" src=\"https:\/\/rg-haus-immobilien.de\/wp-content\/uploads\/2024\/04\/zertifikat_hausverwalterin-208x300-1.jpg\" class=\"attachment-large size-large wp-image-59\" alt=\"\" \/>\t\t\t\t\t\t\t\t\t\t\t\t\t\t\t<\/div>\n\t\t\t\t<\/div>\n\t\t\t\t<div class=\"elementor-element elementor-element-43ab70e elementor-invisible elementor-widget elementor-widget-image\" data-id=\"43ab70e\" data-element_type=\"widget\" data-e-type=\"widget\" data-settings=\"{&quot;_animation&quot;:&quot;fadeInUp&quot;}\" data-widget_type=\"image.default\">\n\t\t\t\t<div class=\"elementor-widget-container\">\n\t\t\t\t\t\t\t\t\t\t\t\t\t\t\t<img loading=\"lazy\" decoding=\"async\" width=\"208\" height=\"300\" src=\"https:\/\/rg-haus-immobilien.de\/wp-content\/uploads\/2024\/04\/zertifikat_immobilienmaklerin-208x300-1.jpg\" class=\"attachment-large size-large wp-image-58\" alt=\"\" \/>\t\t\t\t\t\t\t\t\t\t\t\t\t\t\t<\/div>\n\t\t\t\t<\/div>\n\t\t<div class=\"elementor-element elementor-element-4e1ee4f e-con-full e-flex e-con e-child\" data-id=\"4e1ee4f\" data-element_type=\"container\" data-e-type=\"container\">\n\t\t\t\t<div class=\"elementor-element elementor-element-34cbe33 elementor-invisible elementor-widget elementor-widget-heading\" data-id=\"34cbe33\" data-element_type=\"widget\" data-e-type=\"widget\" data-settings=\"{&quot;_animation&quot;:&quot;fadeIn&quot;,&quot;_animation_delay&quot;:100}\" data-widget_type=\"heading.default\">\n\t\t\t\t<div class=\"elementor-widget-container\">\n\t\t\t\t\t<h2 class=\"elementor-heading-title elementor-size-default\">ZERTIFIKATE<\/h2>\t\t\t\t<\/div>\n\t\t\t\t<\/div>\n\t\t\t\t<div class=\"elementor-element elementor-element-86403b4 elementor-widget elementor-widget-spacer\" data-id=\"86403b4\" data-element_type=\"widget\" data-e-type=\"widget\" data-widget_type=\"spacer.default\">\n\t\t\t\t<div class=\"elementor-widget-container\">\n\t\t\t\t\t\t\t<div class=\"elementor-spacer\">\n\t\t\t<div class=\"elementor-spacer-inner\"><\/div>\n\t\t<\/div>\n\t\t\t\t\t\t<\/div>\n\t\t\t\t<\/div>\n\t\t\t\t<div class=\"elementor-element elementor-element-1eb1ee8 elementor-invisible elementor-widget elementor-widget-text-editor\" data-id=\"1eb1ee8\" data-element_type=\"widget\" data-e-type=\"widget\" data-settings=\"{&quot;_animation&quot;:&quot;fadeInRight&quot;}\" data-widget_type=\"text-editor.default\">\n\t\t\t\t<div class=\"elementor-widget-container\">\n\t\t\t\t\t\t\t\t\t<ul><li><h3><span style=\"color: #7a7a7a;\">Gepr\u00fcfte Hausverwalterin<\/span><\/h3><\/li><li><h3><span style=\"color: #7a7a7a;\">Gepr\u00fcfte Immobilienmaklerin<\/span><\/h3><\/li><\/ul>\t\t\t\t\t\t\t\t<\/div>\n\t\t\t\t<\/div>\n\t\t\t\t<\/div>\n\t\t\t\t\t<\/div>\n\t\t\t\t<\/div>\n\t\t<div class=\"elementor-element elementor-element-0f521be e-con-full e-flex e-con e-parent\" data-id=\"0f521be\" data-element_type=\"container\" data-e-type=\"container\">\n\t\t\t\t<div class=\"elementor-element elementor-element-fc51614 elementor-hidden-desktop elementor-hidden-tablet elementor-widget-mobile__width-inherit elementor-invisible elementor-widget elementor-widget-heading\" data-id=\"fc51614\" data-element_type=\"widget\" data-e-type=\"widget\" data-settings=\"{&quot;_animation&quot;:&quot;fadeIn&quot;,&quot;_animation_delay&quot;:100}\" data-widget_type=\"heading.default\">\n\t\t\t\t<div class=\"elementor-widget-container\">\n\t\t\t\t\t<h2 class=\"elementor-heading-title elementor-size-default\">ZERTIFIKATE<\/h2>\t\t\t\t<\/div>\n\t\t\t\t<\/div>\n\t\t\t\t<div class=\"elementor-element elementor-element-ae7e89e elementor-hidden-desktop elementor-hidden-tablet elementor-invisible elementor-widget elementor-widget-image\" data-id=\"ae7e89e\" data-element_type=\"widget\" data-e-type=\"widget\" data-settings=\"{&quot;_animation&quot;:&quot;fadeInUp&quot;,&quot;_animation_mobile&quot;:&quot;fadeInLeft&quot;}\" data-widget_type=\"image.default\">\n\t\t\t\t<div class=\"elementor-widget-container\">\n\t\t\t\t\t\t\t\t\t\t\t\t\t\t\t<img loading=\"lazy\" decoding=\"async\" width=\"208\" height=\"300\" src=\"https:\/\/rg-haus-immobilien.de\/wp-content\/uploads\/2024\/04\/zertifikat_hausverwalterin-208x300-1.jpg\" class=\"attachment-large size-large wp-image-59\" alt=\"\" \/>\t\t\t\t\t\t\t\t\t\t\t\t\t\t\t<\/div>\n\t\t\t\t<\/div>\n\t\t\t\t<div class=\"elementor-element elementor-element-9c105ce elementor-hidden-desktop elementor-hidden-tablet elementor-invisible elementor-widget elementor-widget-image\" data-id=\"9c105ce\" data-element_type=\"widget\" data-e-type=\"widget\" data-settings=\"{&quot;_animation&quot;:&quot;fadeInUp&quot;,&quot;_animation_mobile&quot;:&quot;fadeInLeft&quot;}\" data-widget_type=\"image.default\">\n\t\t\t\t<div class=\"elementor-widget-container\">\n\t\t\t\t\t\t\t\t\t\t\t\t\t\t\t<img loading=\"lazy\" decoding=\"async\" width=\"208\" height=\"300\" src=\"https:\/\/rg-haus-immobilien.de\/wp-content\/uploads\/2024\/04\/zertifikat_immobilienmaklerin-208x300-1.jpg\" class=\"attachment-large size-large wp-image-58\" alt=\"\" \/>\t\t\t\t\t\t\t\t\t\t\t\t\t\t\t<\/div>\n\t\t\t\t<\/div>\n\t\t<div class=\"elementor-element elementor-element-1e03bf7 e-con-full e-flex e-con e-child\" data-id=\"1e03bf7\" data-element_type=\"container\" data-e-type=\"container\">\n\t\t\t\t<div class=\"elementor-element elementor-element-23ed770 elementor-widget elementor-widget-spacer\" data-id=\"23ed770\" data-element_type=\"widget\" data-e-type=\"widget\" data-widget_type=\"spacer.default\">\n\t\t\t\t<div class=\"elementor-widget-container\">\n\t\t\t\t\t\t\t<div class=\"elementor-spacer\">\n\t\t\t<div class=\"elementor-spacer-inner\"><\/div>\n\t\t<\/div>\n\t\t\t\t\t\t<\/div>\n\t\t\t\t<\/div>\n\t\t\t\t<div class=\"elementor-element elementor-element-fc09023 elementor-hidden-desktop elementor-hidden-tablet elementor-invisible elementor-widget elementor-widget-text-editor\" data-id=\"fc09023\" data-element_type=\"widget\" data-e-type=\"widget\" data-settings=\"{&quot;_animation&quot;:&quot;fadeInRight&quot;}\" data-widget_type=\"text-editor.default\">\n\t\t\t\t<div class=\"elementor-widget-container\">\n\t\t\t\t\t\t\t\t\t<ul><li><h3 style=\"text-align: left;\"><span style=\"color: #7a7a7a;\">Gepr\u00fcfte Hausverwalterin<\/span><\/h3><\/li><li><h3><span style=\"color: #7a7a7a;\">Gepr\u00fcfte Immobilienmaklerin<\/span><\/h3><\/li><\/ul>\t\t\t\t\t\t\t\t<\/div>\n\t\t\t\t<\/div>\n\t\t\t\t<\/div>\n\t\t\t\t<\/div>\n\t\t\t\t<\/div>\n\t\t","protected":false},"excerpt":{"rendered":"<p>\u00dcBER MICH Mein Name ist Ramona Gaul, ich bin eine engagierte Unternehmerin und biete Ihnen die Vorteile eines modernen und zukunftsorientierten Dienstleisters. In mir finden Sie eine kompetente, zuverl\u00e4ssige, gewissenhafte und vertrauensw\u00fcrdige Hausverwalterin\/ Immobilienmaklerin. Wichtig ist mir der pers\u00f6nliche Kontakt zu Ihnen, um auch den optimalen Service rund um Ihre Immobilie bieten zu k\u00f6nnen. F\u00fcr [&hellip;]<\/p>\n","protected":false},"author":1,"featured_media":0,"parent":0,"menu_order":0,"comment_status":"closed","ping_status":"closed","template":"","meta":{"footnotes":""},"class_list":["post-55","page","type-page","status-publish","hentry"],"_links":{"self":[{"href":"https:\/\/rg-haus-immobilien.de\/index.php?rest_route=\/wp\/v2\/pages\/55","targetHints":{"allow":["GET"]}}],"collection":[{"href":"https:\/\/rg-haus-immobilien.de\/index.php?rest_route=\/wp\/v2\/pages"}],"about":[{"href":"https:\/\/rg-haus-immobilien.de\/index.php?rest_route=\/wp\/v2\/types\/page"}],"author":[{"embeddable":true,"href":"https:\/\/rg-haus-immobilien.de\/index.php?rest_route=\/wp\/v2\/users\/1"}],"replies":[{"embeddable":true,"href":"https:\/\/rg-haus-immobilien.de\/index.php?rest_route=%2Fwp%2Fv2%2Fcomments&post=55"}],"version-history":[{"count":131,"href":"https:\/\/rg-haus-immobilien.de\/index.php?rest_route=\/wp\/v2\/pages\/55\/revisions"}],"predecessor-version":[{"id":2921,"href":"https:\/\/rg-haus-immobilien.de\/index.php?rest_route=\/wp\/v2\/pages\/55\/revisions\/2921"}],"wp:attachment":[{"href":"https:\/\/rg-haus-immobilien.de\/index.php?rest_route=%2Fwp%2Fv2%2Fmedia&parent=55"}],"curies":[{"name":"wp","href":"https:\/\/api.w.org\/{rel}","templated":true}]}}