{"id":2,"date":"2024-04-26T11:25:21","date_gmt":"2024-04-26T11:25:21","guid":{"rendered":"http:\/\/rg-haus-immobilien.de\/?page_id=2"},"modified":"2024-05-14T09:55:33","modified_gmt":"2024-05-14T08:55:33","slug":"sample-page","status":"publish","type":"page","link":"https:\/\/rg-haus-immobilien.de\/","title":{"rendered":"Home"},"content":{"rendered":"\t\t<div data-elementor-type=\"wp-page\" data-elementor-id=\"2\" class=\"elementor elementor-2\">\n\t\t\t\t<div class=\"elementor-element elementor-element-1904894 e-con-full elementor-hidden-tablet elementor-hidden-mobile e-flex e-con e-parent\" data-id=\"1904894\" data-element_type=\"container\" data-e-type=\"container\">\n\t\t\t\t<div class=\"elementor-element elementor-element-55d6ad4 elementor-hidden-mobile elementor-widget elementor-widget-spacer\" data-id=\"55d6ad4\" data-element_type=\"widget\" data-e-type=\"widget\" data-widget_type=\"spacer.default\">\n\t\t\t\t<div class=\"elementor-widget-container\">\n\t\t\t\t\t\t\t<div class=\"elementor-spacer\">\n\t\t\t<div class=\"elementor-spacer-inner\"><\/div>\n\t\t<\/div>\n\t\t\t\t\t\t<\/div>\n\t\t\t\t<\/div>\n\t\t\t\t<div class=\"elementor-element elementor-element-2e18535 elementor-hidden-mobile elementor-widget elementor-widget-image\" data-id=\"2e18535\" data-element_type=\"widget\" data-e-type=\"widget\" data-widget_type=\"image.default\">\n\t\t\t\t<div class=\"elementor-widget-container\">\n\t\t\t\t\t\t\t\t\t\t\t\t\t\t\t<img fetchpriority=\"high\" decoding=\"async\" width=\"1900\" height=\"600\" src=\"https:\/\/rg-haus-immobilien.de\/wp-content\/uploads\/2024\/05\/Bildhintergrund-RG-Immobilien.jpg\" class=\"attachment-full size-full wp-image-887\" alt=\"\" srcset=\"https:\/\/rg-haus-immobilien.de\/wp-content\/uploads\/2024\/05\/Bildhintergrund-RG-Immobilien.jpg 1900w, https:\/\/rg-haus-immobilien.de\/wp-content\/uploads\/2024\/05\/Bildhintergrund-RG-Immobilien-300x95.jpg 300w, https:\/\/rg-haus-immobilien.de\/wp-content\/uploads\/2024\/05\/Bildhintergrund-RG-Immobilien-1024x323.jpg 1024w, https:\/\/rg-haus-immobilien.de\/wp-content\/uploads\/2024\/05\/Bildhintergrund-RG-Immobilien-768x243.jpg 768w, https:\/\/rg-haus-immobilien.de\/wp-content\/uploads\/2024\/05\/Bildhintergrund-RG-Immobilien-1536x485.jpg 1536w\" sizes=\"(max-width: 1900px) 100vw, 1900px\" \/>\t\t\t\t\t\t\t\t\t\t\t\t\t\t\t<\/div>\n\t\t\t\t<\/div>\n\t\t\t\t<div class=\"elementor-element elementor-element-ce18bec elementor-widget__width-inherit elementor-hidden-mobile elementor-invisible elementor-widget elementor-widget-heading\" data-id=\"ce18bec\" data-element_type=\"widget\" data-e-type=\"widget\" data-settings=\"{&quot;_animation&quot;:&quot;fadeInLeft&quot;}\" data-widget_type=\"heading.default\">\n\t\t\t\t<div class=\"elementor-widget-container\">\n\t\t\t\t\t<h1 class=\"elementor-heading-title elementor-size-default\">IMMOBILIENVERWALTUNG IST VERTRAUENSSACHE<\/h1>\t\t\t\t<\/div>\n\t\t\t\t<\/div>\n\t\t\t\t<div class=\"elementor-element elementor-element-7382ea3 elementor-widget-tablet__width-initial elementor-widget__width-inherit elementor-hidden-mobile elementor-invisible elementor-widget elementor-widget-text-editor\" data-id=\"7382ea3\" data-element_type=\"widget\" data-e-type=\"widget\" data-settings=\"{&quot;_animation&quot;:&quot;fadeInUp&quot;}\" data-widget_type=\"text-editor.default\">\n\t\t\t\t<div class=\"elementor-widget-container\">\n\t\t\t\t\t\t\t\t\t<h4>Mit hoher Einsatzbereitschaft verwalte ich Ihre Mietverwaltung. <br \/>Ganz egal &#8211; ob Wohnungen, H\u00e4user oder Gewerbefl\u00e4chen.<\/h4><h4>Ich biete Ihnen als Eigent\u00fcmer eine optimale Dienstleistung an und vertrete Sie in allen Angelegenheiten.<br \/><br \/>F\u00fcr mich steht die Qualit\u00e4t und nicht die Quantit\u00e4t im Vordergrund.<\/h4><h4>Bei mir finden Sie keine Massenabfertigung, sondern nur individuell betreute Immobilien.<\/h4>\t\t\t\t\t\t\t\t<\/div>\n\t\t\t\t<\/div>\n\t\t\t\t<\/div>\n\t\t<div class=\"elementor-element elementor-element-901b2f2 e-con-full elementor-hidden-mobile elementor-hidden-desktop e-flex e-con e-parent\" data-id=\"901b2f2\" data-element_type=\"container\" data-e-type=\"container\">\n\t\t\t\t<div class=\"elementor-element elementor-element-234012c elementor-hidden-mobile elementor-widget-tablet__width-initial elementor-widget elementor-widget-image\" data-id=\"234012c\" data-element_type=\"widget\" data-e-type=\"widget\" data-widget_type=\"image.default\">\n\t\t\t\t<div class=\"elementor-widget-container\">\n\t\t\t\t\t\t\t\t\t\t\t\t\t\t\t<img fetchpriority=\"high\" decoding=\"async\" width=\"1900\" height=\"600\" src=\"https:\/\/rg-haus-immobilien.de\/wp-content\/uploads\/2024\/05\/Bildhintergrund-RG-Immobilien.jpg\" class=\"attachment-full size-full wp-image-887\" alt=\"\" srcset=\"https:\/\/rg-haus-immobilien.de\/wp-content\/uploads\/2024\/05\/Bildhintergrund-RG-Immobilien.jpg 1900w, https:\/\/rg-haus-immobilien.de\/wp-content\/uploads\/2024\/05\/Bildhintergrund-RG-Immobilien-300x95.jpg 300w, https:\/\/rg-haus-immobilien.de\/wp-content\/uploads\/2024\/05\/Bildhintergrund-RG-Immobilien-1024x323.jpg 1024w, https:\/\/rg-haus-immobilien.de\/wp-content\/uploads\/2024\/05\/Bildhintergrund-RG-Immobilien-768x243.jpg 768w, https:\/\/rg-haus-immobilien.de\/wp-content\/uploads\/2024\/05\/Bildhintergrund-RG-Immobilien-1536x485.jpg 1536w\" sizes=\"(max-width: 1900px) 100vw, 1900px\" \/>\t\t\t\t\t\t\t\t\t\t\t\t\t\t\t<\/div>\n\t\t\t\t<\/div>\n\t\t\t\t<div class=\"elementor-element elementor-element-fb8cff9 elementor-widget__width-inherit elementor-hidden-mobile elementor-invisible elementor-widget elementor-widget-heading\" data-id=\"fb8cff9\" data-element_type=\"widget\" data-e-type=\"widget\" data-settings=\"{&quot;_animation&quot;:&quot;fadeInLeft&quot;}\" data-widget_type=\"heading.default\">\n\t\t\t\t<div class=\"elementor-widget-container\">\n\t\t\t\t\t<h3 class=\"elementor-heading-title elementor-size-default\">IMMOBILIENVERWALTUNG IST VERTRAUENSSACHE<\/h3>\t\t\t\t<\/div>\n\t\t\t\t<\/div>\n\t\t\t\t<div class=\"elementor-element elementor-element-876301e elementor-widget-tablet__width-initial elementor-widget__width-inherit elementor-hidden-mobile elementor-invisible elementor-widget elementor-widget-text-editor\" data-id=\"876301e\" data-element_type=\"widget\" data-e-type=\"widget\" data-settings=\"{&quot;_animation&quot;:&quot;fadeInUp&quot;}\" data-widget_type=\"text-editor.default\">\n\t\t\t\t<div class=\"elementor-widget-container\">\n\t\t\t\t\t\t\t\t\t<p>Mit hoher Einsatzbereitschaft verwalte ich Ihre Mietverwaltung.<br \/>Ganz egal &#8211; ob Wohnungen, H\u00e4user oder Gewerbefl\u00e4chen.<\/p><p>Ich biete Ihnen als Eigent\u00fcmer eine optimale Dienstleistung an und vertrete Sie in allen Angelegenheiten.<br \/><br \/>F\u00fcr mich steht die Qualit\u00e4t und nicht die Quantit\u00e4t im Vordergrund.<\/p><p>Bei mir finden Sie keine Massenabfertigung, sondern nur individuell betreute Immobilien.<\/p>\t\t\t\t\t\t\t\t<\/div>\n\t\t\t\t<\/div>\n\t\t\t\t<\/div>\n\t\t<div class=\"elementor-element elementor-element-fa231e9 e-con-full elementor-hidden-tablet elementor-hidden-desktop e-flex e-con e-parent\" data-id=\"fa231e9\" data-element_type=\"container\" data-e-type=\"container\">\n\t\t\t\t<div class=\"elementor-element elementor-element-1e2368f elementor-widget elementor-widget-image\" data-id=\"1e2368f\" data-element_type=\"widget\" data-e-type=\"widget\" data-widget_type=\"image.default\">\n\t\t\t\t<div class=\"elementor-widget-container\">\n\t\t\t\t\t\t\t\t\t\t\t\t\t\t\t<img decoding=\"async\" src=\"https:\/\/rg-haus-immobilien.de\/wp-content\/uploads\/elementor\/thumbs\/Gr0ss-Bildhintergrund-RG-Immobilien-scaled-qnyna1s280gmhnjdc2fy464ctt1ddo6ilgcn8b4pt4.jpg\" title=\"Gr0\u00df Bildhintergrund RG-Immobilien\" alt=\"Gr0\u00df Bildhintergrund RG-Immobilien\" loading=\"lazy\" \/>\t\t\t\t\t\t\t\t\t\t\t\t\t\t\t<\/div>\n\t\t\t\t<\/div>\n\t\t\t\t<div class=\"elementor-element elementor-element-5b14084 elementor-widget__width-inherit elementor-hidden-desktop elementor-hidden-tablet elementor-invisible elementor-widget elementor-widget-heading\" data-id=\"5b14084\" data-element_type=\"widget\" data-e-type=\"widget\" data-settings=\"{&quot;_animation&quot;:&quot;fadeInLeft&quot;}\" data-widget_type=\"heading.default\">\n\t\t\t\t<div class=\"elementor-widget-container\">\n\t\t\t\t\t<h4 class=\"elementor-heading-title elementor-size-default\">IMMOBILIENVERWALTUNG\nIST VERTRAUENSSACHE<\/h4>\t\t\t\t<\/div>\n\t\t\t\t<\/div>\n\t\t\t\t<div class=\"elementor-element elementor-element-0b38d43 elementor-widget-tablet__width-initial elementor-widget__width-inherit elementor-hidden-tablet elementor-hidden-desktop animated-fast elementor-invisible elementor-widget elementor-widget-text-editor\" data-id=\"0b38d43\" data-element_type=\"widget\" data-e-type=\"widget\" data-settings=\"{&quot;_animation&quot;:&quot;fadeInUp&quot;}\" data-widget_type=\"text-editor.default\">\n\t\t\t\t<div class=\"elementor-widget-container\">\n\t\t\t\t\t\t\t\t\t<p style=\"text-align: center;\">Mit hoher Einsatzbereitschaft verwalte ich Ihre Mietverwaltung. Ganz egal &#8211; ob Wohnungen, H\u00e4user<br \/>oder Gewerbefl\u00e4chen.<\/p><p style=\"text-align: center;\">Ich biete Ihnen als Eigent\u00fcmer eine optimale<br \/>Dienstleistung an und vertrete Sie in allen Angelegenheiten.<br \/>F\u00fcr mich steht die Qualit\u00e4t und nicht die Quantit\u00e4t im Vordergrund.<\/p><p style=\"text-align: center;\">Bei mir finden Sie keine Massenabfertigung, sondern nur individuell betreute Immobilien.<\/p>\t\t\t\t\t\t\t\t<\/div>\n\t\t\t\t<\/div>\n\t\t\t\t<\/div>\n\t\t\t\t<\/div>\n\t\t","protected":false},"excerpt":{"rendered":"<p>IMMOBILIENVERWALTUNG IST VERTRAUENSSACHE Mit hoher Einsatzbereitschaft verwalte ich Ihre Mietverwaltung. Ganz egal &#8211; ob Wohnungen, H\u00e4user oder Gewerbefl\u00e4chen. Ich biete Ihnen als Eigent\u00fcmer eine optimale Dienstleistung an und vertrete Sie in allen Angelegenheiten. F\u00fcr mich steht die Qualit\u00e4t und nicht die Quantit\u00e4t im Vordergrund. Bei mir finden Sie keine Massenabfertigung, sondern nur individuell betreute Immobilien. [&hellip;]<\/p>\n","protected":false},"author":1,"featured_media":0,"parent":0,"menu_order":0,"comment_status":"closed","ping_status":"open","template":"","meta":{"footnotes":""},"class_list":["post-2","page","type-page","status-publish","hentry"],"_links":{"self":[{"href":"https:\/\/rg-haus-immobilien.de\/index.php?rest_route=\/wp\/v2\/pages\/2","targetHints":{"allow":["GET"]}}],"collection":[{"href":"https:\/\/rg-haus-immobilien.de\/index.php?rest_route=\/wp\/v2\/pages"}],"about":[{"href":"https:\/\/rg-haus-immobilien.de\/index.php?rest_route=\/wp\/v2\/types\/page"}],"author":[{"embeddable":true,"href":"https:\/\/rg-haus-immobilien.de\/index.php?rest_route=\/wp\/v2\/users\/1"}],"replies":[{"embeddable":true,"href":"https:\/\/rg-haus-immobilien.de\/index.php?rest_route=%2Fwp%2Fv2%2Fcomments&post=2"}],"version-history":[{"count":757,"href":"https:\/\/rg-haus-immobilien.de\/index.php?rest_route=\/wp\/v2\/pages\/2\/revisions"}],"predecessor-version":[{"id":2657,"href":"https:\/\/rg-haus-immobilien.de\/index.php?rest_route=\/wp\/v2\/pages\/2\/revisions\/2657"}],"wp:attachment":[{"href":"https:\/\/rg-haus-immobilien.de\/index.php?rest_route=%2Fwp%2Fv2%2Fmedia&parent=2"}],"curies":[{"name":"wp","href":"https:\/\/api.w.org\/{rel}","templated":true}]}}