{"id":100,"date":"2024-04-26T15:10:18","date_gmt":"2024-04-26T15:10:18","guid":{"rendered":"https:\/\/rg-haus-immobilien.de\/?page_id=100"},"modified":"2024-08-30T11:36:13","modified_gmt":"2024-08-30T10:36:13","slug":"impressum","status":"publish","type":"page","link":"https:\/\/rg-haus-immobilien.de\/?page_id=100","title":{"rendered":"Impressum"},"content":{"rendered":"\t\t<div data-elementor-type=\"wp-page\" data-elementor-id=\"100\" class=\"elementor elementor-100\">\n\t\t\t\t<div class=\"elementor-element elementor-element-4e7b3eb e-con-full elementor-hidden-desktop elementor-hidden-tablet e-flex e-con e-parent\" data-id=\"4e7b3eb\" data-element_type=\"container\" data-e-type=\"container\">\n\t\t\t\t<div class=\"elementor-element elementor-element-fcb3b29 elementor-widget-mobile__width-inherit elementor-widget elementor-widget-image\" data-id=\"fcb3b29\" data-element_type=\"widget\" data-e-type=\"widget\" data-widget_type=\"image.default\">\n\t\t\t\t<div class=\"elementor-widget-container\">\n\t\t\t\t\t\t\t\t\t\t\t\t\t\t\t<img fetchpriority=\"high\" decoding=\"async\" width=\"1900\" height=\"339\" src=\"https:\/\/rg-haus-immobilien.de\/wp-content\/uploads\/2024\/05\/Smal-Bildhintergrund-RG-Immobilien.jpg\" class=\"attachment-full size-full wp-image-888\" alt=\"\" srcset=\"https:\/\/rg-haus-immobilien.de\/wp-content\/uploads\/2024\/05\/Smal-Bildhintergrund-RG-Immobilien.jpg 1900w, https:\/\/rg-haus-immobilien.de\/wp-content\/uploads\/2024\/05\/Smal-Bildhintergrund-RG-Immobilien-300x54.jpg 300w, https:\/\/rg-haus-immobilien.de\/wp-content\/uploads\/2024\/05\/Smal-Bildhintergrund-RG-Immobilien-1024x183.jpg 1024w, https:\/\/rg-haus-immobilien.de\/wp-content\/uploads\/2024\/05\/Smal-Bildhintergrund-RG-Immobilien-768x137.jpg 768w, https:\/\/rg-haus-immobilien.de\/wp-content\/uploads\/2024\/05\/Smal-Bildhintergrund-RG-Immobilien-1536x274.jpg 1536w\" sizes=\"(max-width: 1900px) 100vw, 1900px\" \/>\t\t\t\t\t\t\t\t\t\t\t\t\t\t\t<\/div>\n\t\t\t\t<\/div>\n\t\t\t\t<div class=\"elementor-element elementor-element-4c4e233 elementor-widget-mobile__width-inherit elementor-widget elementor-widget-heading\" data-id=\"4c4e233\" data-element_type=\"widget\" data-e-type=\"widget\" data-widget_type=\"heading.default\">\n\t\t\t\t<div class=\"elementor-widget-container\">\n\t\t\t\t\t<h5 class=\"elementor-heading-title elementor-size-default\">IMPRESSUM<\/h5>\t\t\t\t<\/div>\n\t\t\t\t<\/div>\n\t\t\t\t<\/div>\n\t\t<div class=\"elementor-element elementor-element-2fe9942 e-flex e-con-boxed e-con e-parent\" data-id=\"2fe9942\" data-element_type=\"container\" data-e-type=\"container\">\n\t\t\t\t\t<div class=\"e-con-inner\">\n\t\t\t\t<div class=\"elementor-element elementor-element-c5b449a elementor-widget elementor-widget-spacer\" data-id=\"c5b449a\" data-element_type=\"widget\" data-e-type=\"widget\" data-widget_type=\"spacer.default\">\n\t\t\t\t<div class=\"elementor-widget-container\">\n\t\t\t\t\t\t\t<div class=\"elementor-spacer\">\n\t\t\t<div class=\"elementor-spacer-inner\"><\/div>\n\t\t<\/div>\n\t\t\t\t\t\t<\/div>\n\t\t\t\t<\/div>\n\t\t\t\t<div class=\"elementor-element elementor-element-d49b1d2 elementor-widget elementor-widget-text-editor\" data-id=\"d49b1d2\" data-element_type=\"widget\" data-e-type=\"widget\" data-widget_type=\"text-editor.default\">\n\t\t\t\t<div class=\"elementor-widget-container\">\n\t\t\t\t\t\t\t\t\t<p><strong>RG Haus &amp; Immobilien<br \/><\/strong>Ramona Gaul<br \/>Dorfstra\u00dfe 37<br \/><span style=\"font-family: var( --e-global-typography-text-font-family ), Sans-serif; font-size: 1rem; text-align: var(--text-align);\">24568 Winsen<\/span><\/p><p><strong>Vertreten durch:<br \/><\/strong>Ramona Gaul<\/p><p><strong>Kontakt:<\/strong><br \/>Tel.:<span style=\"color: #54595f;\">+49 (0) <\/span><a href=\"http:\/\/Tel:004941919949309\" data-wplink-url-error=\"true\">4191\/ 9949309<\/a><br \/><span style=\"color: #7a7a7a;\">Mobil:+49 (0) <a href=\"http:\/\/Tel:004915114305657\" data-wplink-url-error=\"true\">0151\/ 143 05 657<\/a><\/span><\/p><p>Email:<span style=\"color: #54595f;\"> <a style=\"color: #54595f;\" href=\"mailto:info@rg-haus-immobilien.de\">info@rg-haus-immobilien.de<\/a><\/span><\/p><p><strong>Gestaltung &amp; Umsetzung:<\/strong><\/p><p><a href=\"https:\/\/pavlos-design.de\"><strong><span style=\"color: #ff0000;\">Pavlos<span style=\"color: #000000;\">-Design<\/span><\/span><\/strong><\/a>\u00a0(<em>Hier Klicken<\/em>)<br \/>Die Werbeagentur in Ihrer N\u00e4he!\u00a0<\/p><p><strong>Umsatzsteuer-ID<\/strong><\/p><p>Umsatzsteuer-Identifikationsnummer gem\u00e4\u00df \u00a7 27 a Umsatzsteuergesetz:<br \/>DE 310664599<\/p><p><strong>Genehmigung:<\/strong><br \/>Genehmigung nach \u00a7 34c Abs. 1 GewO, Aufsichtsbeh\u00f6rde: Industrie- und Handelskammer zu L\u00fcbeck, Fackenburger Allee 2, 23554 L\u00fcbeck<\/p><p><strong>Aufsichtsbeh\u00f6rde:<\/strong><br \/>Industrie- und Handelskammer zu Lu\u0308beck<br \/>Fackenburger Allee 2<\/p><p>23554 Lu\u0308beck<\/p><p><span style=\"color: #54595f;\"><a style=\"color: #54595f;\" href=\"https:\/\/www.ihk.de\/schleswig-holstein\/\">https:\/\/www.ihk.de\/schleswig-holstein\/<\/a><\/span><\/p><p>EU-Streitschlichtung:<br \/>Die Europ\u00e4ische Kommission stellt eine Plattform zur Online-Streitbeilegung (OS) bereit:<\/p><p><span style=\"color: #54595f;\"><a style=\"color: #54595f;\" href=\"https:\/\/ec.europa.eu\/consumers\/odr\/\">https:\/\/ec.europa.eu\/consumers\/odr\/<\/a>.<\/span><\/p><p>Unsere E-Mail-Adresse finden Sie oben im Impressum.<\/p><p><strong>Verbraucherstreitbeilegung\/Universalschlichtungsstelle:<br \/><\/strong><\/p><p><i>Wir sind nicht bereit oder verpflichtet, an Streitbeilegungsverfahren vor einer <\/i><i>Verbraucherschlichtungsstelle teilzunehmen.<\/i><\/p><p><strong><i>Quelle:<\/i><\/strong><\/p><p><span style=\"color: #54595f;\"><a style=\"color: #54595f;\" href=\"https:\/\/www.e-recht24.de\/impressum-generator.html\"><i>https:\/\/www.e-recht24.de\/impressum-generator.html<\/i><\/a><\/span><\/p><p><strong>\u00a0<\/strong><\/p>\t\t\t\t\t\t\t\t<\/div>\n\t\t\t\t<\/div>\n\t\t\t\t\t<\/div>\n\t\t\t\t<\/div>\n\t\t\t\t<\/div>\n\t\t","protected":false},"excerpt":{"rendered":"<p>IMPRESSUM RG Haus &amp; ImmobilienRamona GaulDorfstra\u00dfe 3724568 Winsen Vertreten durch:Ramona Gaul Kontakt:Tel.:+49 (0) 4191\/ 9949309Mobil:+49 (0) 0151\/ 143 05 657 Email: info@rg-haus-immobilien.de Gestaltung &amp; Umsetzung: Pavlos-Design\u00a0(Hier Klicken)Die Werbeagentur in Ihrer N\u00e4he!\u00a0 Umsatzsteuer-ID Umsatzsteuer-Identifikationsnummer gem\u00e4\u00df \u00a7 27 a Umsatzsteuergesetz:DE 310664599 Genehmigung:Genehmigung nach \u00a7 34c Abs. 1 GewO, Aufsichtsbeh\u00f6rde: Industrie- und Handelskammer zu L\u00fcbeck, Fackenburger Allee 2, [&hellip;]<\/p>\n","protected":false},"author":1,"featured_media":0,"parent":0,"menu_order":0,"comment_status":"closed","ping_status":"closed","template":"","meta":{"footnotes":""},"class_list":["post-100","page","type-page","status-publish","hentry"],"_links":{"self":[{"href":"https:\/\/rg-haus-immobilien.de\/index.php?rest_route=\/wp\/v2\/pages\/100","targetHints":{"allow":["GET"]}}],"collection":[{"href":"https:\/\/rg-haus-immobilien.de\/index.php?rest_route=\/wp\/v2\/pages"}],"about":[{"href":"https:\/\/rg-haus-immobilien.de\/index.php?rest_route=\/wp\/v2\/types\/page"}],"author":[{"embeddable":true,"href":"https:\/\/rg-haus-immobilien.de\/index.php?rest_route=\/wp\/v2\/users\/1"}],"replies":[{"embeddable":true,"href":"https:\/\/rg-haus-immobilien.de\/index.php?rest_route=%2Fwp%2Fv2%2Fcomments&post=100"}],"version-history":[{"count":56,"href":"https:\/\/rg-haus-immobilien.de\/index.php?rest_route=\/wp\/v2\/pages\/100\/revisions"}],"predecessor-version":[{"id":2978,"href":"https:\/\/rg-haus-immobilien.de\/index.php?rest_route=\/wp\/v2\/pages\/100\/revisions\/2978"}],"wp:attachment":[{"href":"https:\/\/rg-haus-immobilien.de\/index.php?rest_route=%2Fwp%2Fv2%2Fmedia&parent=100"}],"curies":[{"name":"wp","href":"https:\/\/api.w.org\/{rel}","templated":true}]}}